{"id":7656,"date":"2025-12-28T20:14:23","date_gmt":"2025-12-28T20:14:23","guid":{"rendered":"https:\/\/arertech.com\/?page_id=7656"},"modified":"2025-12-28T20:18:02","modified_gmt":"2025-12-28T20:18:02","slug":"our-services","status":"publish","type":"page","link":"https:\/\/arertech.com\/tr\/our-services\/","title":{"rendered":"Hizmetlerimiz"},"content":{"rendered":"<div class=\"wp-block-columns has-background is-layout-flex wp-container-core-columns-is-layout-dcba5461 wp-block-columns-is-layout-flex\" style=\"border-top-left-radius:16px;border-top-right-radius:16px;border-bottom-left-radius:16px;border-bottom-right-radius:16px;background-color:#0b1c2d;margin-top:var(--wp--preset--spacing--50);margin-bottom:var(--wp--preset--spacing--50);padding-top:var(--wp--preset--spacing--60);padding-right:var(--wp--preset--spacing--40);padding-bottom:var(--wp--preset--spacing--60);padding-left:var(--wp--preset--spacing--40)\">\n<div class=\"wp-block-column is-layout-flow wp-block-column-is-layout-flow\">\n<h2 class=\"wp-block-heading has-text-align-center has-palette-color-6-color has-text-color has-link-color wp-elements-666c6216da5412a5ea970af6af230ed4\">Hizmetlerimiz<\/h2>\n<\/div>\n<\/div>\n\n\n\n<div class=\"wp-block-group alignfull has-white-background-color has-background is-layout-constrained wp-block-group-is-layout-constrained\" style=\"padding-top:1.2rem;padding-bottom:1.2rem\">\n<div class=\"wp-block-columns is-layout-flex wp-container-core-columns-is-layout-643ced6b wp-block-columns-is-layout-flex\">\n<div class=\"wp-block-column is-layout-flow wp-block-column-is-layout-flow\">\n<div class=\"wp-block-cover has-custom-content-position is-position-bottom-center\" style=\"border-radius:20px;padding-top:30px;padding-right:30px;padding-bottom:30px;padding-left:30px;min-height:650px;aspect-ratio:unset;\"><img loading=\"lazy\" decoding=\"async\" width=\"941\" height=\"971\" class=\"wp-block-cover__image-background wp-image-7591 size-full\" alt=\"\" src=\"http:\/\/arertech.com\/wp-content\/uploads\/2025\/12\/infra-datacenter.png\" data-object-fit=\"cover\" srcset=\"https:\/\/arertech.com\/wp-content\/uploads\/2025\/12\/infra-datacenter.png 941w, https:\/\/arertech.com\/wp-content\/uploads\/2025\/12\/infra-datacenter-291x300.png 291w, https:\/\/arertech.com\/wp-content\/uploads\/2025\/12\/infra-datacenter-768x792.png 768w\" sizes=\"auto, (max-width: 941px) 100vw, 941px\" \/><span aria-hidden=\"true\" class=\"wp-block-cover__background has-background-dim-0 has-background-dim\"><\/span><div class=\"wp-block-cover__inner-container is-layout-constrained wp-container-core-cover-is-layout-edcd9cee wp-block-cover-is-layout-constrained\">\n<div class=\"wp-block-group has-white-background-color has-background is-layout-constrained wp-container-core-group-is-layout-edcd9cee wp-block-group-is-layout-constrained\" style=\"border-radius:10px;padding-top:30px;padding-right:30px;padding-bottom:30px;padding-left:30px\">\n<h2 class=\"wp-block-heading has-black-color has-text-color has-link-color has-medium-font-size wp-elements-2eee2bccd5f2dd246208b10ee4a73435\" style=\"margin-top:0\">Modern BT Altyap\u0131s\u0131 ve G\u00fcvenli\u011fi<\/h2>\n\n\n\n<p class=\"has-text-color has-link-color wp-elements-5a984fa76674a57d16fb5e2a78c82b21\" style=\"color:#000000a8;margin-bottom:30px\">Designing secure, scalable and future-ready IT environments<\/p>\n\n\n\n<p class=\"has-black-color has-text-color has-link-color wp-elements-5e5a7f18a8c82e858a4aaa536222b49a\" style=\"font-style:normal;font-weight:500\"><a href=\"https:\/\/arertech.com\/tr\/it-solutions\/\" data-type=\"page\" data-id=\"210\">More info \u2192<\/a><\/p>\n<\/div>\n<\/div><\/div>\n<\/div>\n\n\n\n<div class=\"wp-block-column is-layout-flow wp-block-column-is-layout-flow\">\n<div class=\"wp-block-cover has-custom-content-position is-position-bottom-center\" style=\"border-radius:20px;padding-top:30px;padding-right:30px;padding-bottom:30px;padding-left:30px;min-height:650px;aspect-ratio:unset;\"><img loading=\"lazy\" decoding=\"async\" width=\"1024\" height=\"939\" class=\"wp-block-cover__image-background wp-image-7645 size-full\" alt=\"\" src=\"http:\/\/arertech.com\/wp-content\/uploads\/2025\/12\/microsoft-based-workplace.png\" data-object-fit=\"cover\" srcset=\"https:\/\/arertech.com\/wp-content\/uploads\/2025\/12\/microsoft-based-workplace.png 1024w, https:\/\/arertech.com\/wp-content\/uploads\/2025\/12\/microsoft-based-workplace-300x275.png 300w, https:\/\/arertech.com\/wp-content\/uploads\/2025\/12\/microsoft-based-workplace-768x704.png 768w, https:\/\/arertech.com\/wp-content\/uploads\/2025\/12\/microsoft-based-workplace-13x12.png 13w\" sizes=\"auto, (max-width: 1024px) 100vw, 1024px\" \/><span aria-hidden=\"true\" class=\"wp-block-cover__background has-background-dim-0 has-background-dim\"><\/span><div class=\"wp-block-cover__inner-container is-layout-constrained wp-container-core-cover-is-layout-edcd9cee wp-block-cover-is-layout-constrained\">\n<div class=\"wp-block-group has-white-background-color has-background is-layout-constrained wp-container-core-group-is-layout-edcd9cee wp-block-group-is-layout-constrained\" style=\"border-radius:10px;padding-top:30px;padding-right:30px;padding-bottom:30px;padding-left:30px\">\n<h2 class=\"wp-block-heading has-black-color has-text-color has-link-color has-medium-font-size wp-elements-814602baffb833bb3d6604e8b12f1387\" style=\"margin-top:0\">Microsoft Tabanl\u0131 \u0130\u015fyeri<\/h2>\n\n\n\n<p class=\"has-text-color has-link-color wp-elements-5c7b03b0e9aa235d6019a7bb78035957\" style=\"color:#000000a8;margin-bottom:30px\">Secure, compliant, and productive Microsoft 365 &amp; Azure environments designed for modern teams.<\/p>\n\n\n\n<p class=\"has-black-color has-text-color has-link-color wp-elements-d3622c2987ceedb43a086105a78fb8d1\" style=\"font-style:normal;font-weight:500\"><a href=\"https:\/\/arertech.com\/tr\/microsoft-based-workplace\/\" data-type=\"page\" data-id=\"7644\">More info \u2192<\/a><\/p>\n<\/div>\n<\/div><\/div>\n<\/div>\n\n\n\n<div class=\"wp-block-column is-layout-flow wp-block-column-is-layout-flow\">\n<div class=\"wp-block-cover has-custom-content-position is-position-bottom-center\" style=\"border-radius:20px;padding-top:30px;padding-right:30px;padding-bottom:30px;padding-left:30px;min-height:650px;aspect-ratio:unset;\"><img loading=\"lazy\" decoding=\"async\" width=\"1024\" height=\"1024\" class=\"wp-block-cover__image-background wp-image-7657 size-full\" alt=\"\" src=\"http:\/\/arertech.com\/wp-content\/uploads\/2025\/12\/automationsystems-photo.png\" data-object-fit=\"cover\" srcset=\"https:\/\/arertech.com\/wp-content\/uploads\/2025\/12\/automationsystems-photo.png 1024w, https:\/\/arertech.com\/wp-content\/uploads\/2025\/12\/automationsystems-photo-300x300.png 300w, https:\/\/arertech.com\/wp-content\/uploads\/2025\/12\/automationsystems-photo-150x150.png 150w, https:\/\/arertech.com\/wp-content\/uploads\/2025\/12\/automationsystems-photo-768x768.png 768w, https:\/\/arertech.com\/wp-content\/uploads\/2025\/12\/automationsystems-photo-12x12.png 12w\" sizes=\"auto, (max-width: 1024px) 100vw, 1024px\" \/><span aria-hidden=\"true\" class=\"wp-block-cover__background has-background-dim-0 has-background-dim\"><\/span><div class=\"wp-block-cover__inner-container is-layout-constrained wp-container-core-cover-is-layout-edcd9cee wp-block-cover-is-layout-constrained\">\n<div class=\"wp-block-group has-white-background-color has-background is-layout-constrained wp-container-core-group-is-layout-edcd9cee wp-block-group-is-layout-constrained\" style=\"border-radius:10px;padding-top:30px;padding-right:30px;padding-bottom:30px;padding-left:30px\">\n<h2 class=\"wp-block-heading has-black-color has-text-color has-link-color has-medium-font-size wp-elements-2da80e7d97d61a39358a9d615a2c5e55\" style=\"margin-top:0\">Automation &amp; Smart Systems<\/h2>\n\n\n\n<p class=\"has-text-color has-link-color wp-elements-713614b1da24854070024e5357db0b78\" style=\"color:#000000a8;margin-bottom:30px\">Intelligent automation solutions that reduce manual work and improve operational efficiency.<\/p>\n\n\n\n<p class=\"has-black-color has-text-color has-link-color wp-elements-8ac22165ff8353f75e6aae1473b7ab4f\" style=\"font-style:normal;font-weight:500\"><a href=\"https:\/\/arertech.com\/tr\/automation-smart-systems\/\" data-type=\"page\" data-id=\"7658\">More info \u2192<\/a><\/p>\n<\/div>\n<\/div><\/div>\n<\/div>\n<\/div>\n<\/div>","protected":false},"excerpt":{"rendered":"<p>Hizmetlerimiz<\/p>","protected":false},"author":1,"featured_media":0,"parent":0,"menu_order":0,"comment_status":"closed","ping_status":"closed","template":"","meta":{"footnotes":""},"class_list":["post-7656","page","type-page","status-publish","hentry"],"blocksy_meta":[],"_links":{"self":[{"href":"https:\/\/arertech.com\/tr\/wp-json\/wp\/v2\/pages\/7656","targetHints":{"allow":["GET"]}}],"collection":[{"href":"https:\/\/arertech.com\/tr\/wp-json\/wp\/v2\/pages"}],"about":[{"href":"https:\/\/arertech.com\/tr\/wp-json\/wp\/v2\/types\/page"}],"author":[{"embeddable":true,"href":"https:\/\/arertech.com\/tr\/wp-json\/wp\/v2\/users\/1"}],"replies":[{"embeddable":true,"href":"https:\/\/arertech.com\/tr\/wp-json\/wp\/v2\/comments?post=7656"}],"version-history":[{"count":2,"href":"https:\/\/arertech.com\/tr\/wp-json\/wp\/v2\/pages\/7656\/revisions"}],"predecessor-version":[{"id":7665,"href":"https:\/\/arertech.com\/tr\/wp-json\/wp\/v2\/pages\/7656\/revisions\/7665"}],"wp:attachment":[{"href":"https:\/\/arertech.com\/tr\/wp-json\/wp\/v2\/media?parent=7656"}],"curies":[{"name":"wp","href":"https:\/\/api.w.org\/{rel}","templated":true}]}}