{"id":7644,"date":"2025-12-28T19:58:14","date_gmt":"2025-12-28T19:58:14","guid":{"rendered":"https:\/\/arertech.com\/?page_id=7644"},"modified":"2026-01-01T11:41:06","modified_gmt":"2026-01-01T11:41:06","slug":"services-microsoft-modern-workplace","status":"publish","type":"page","link":"https:\/\/arertech.com\/tr\/services-microsoft-modern-workplace\/","title":{"rendered":"Microsoft Tabanl\u0131 \u0130\u015fyeri"},"content":{"rendered":"<div class=\"wp-block-group alignfull is-content-justification-center is-layout-constrained wp-block-group-is-layout-constrained\" style=\"margin-top:0;margin-bottom:0\">\n<div class=\"wp-block-group alignwide is-layout-flow wp-block-group-is-layout-flow\">\n<div class=\"wp-block-group is-layout-constrained wp-block-group-is-layout-constrained\" style=\"margin-top:var(--wp--preset--spacing--50);margin-bottom:var(--wp--preset--spacing--50)\">\n<div class=\"wp-block-columns is-layout-flex wp-container-core-columns-is-layout-5c8fb865 wp-block-columns-is-layout-flex\">\n<div class=\"wp-block-column is-vertically-aligned-center is-layout-flow wp-block-column-is-layout-flow\" style=\"flex-basis:40%\">\n<p>Secure, compliant, and productive Microsoft 365 &amp; Azure environments designed for modern teams.<\/p>\n\n\n\n<h5 class=\"wp-block-heading\">What We Deliver<\/h5>\n\n\n\n<ul class=\"wp-block-list\">\n<li>Microsoft 365 tenant design &amp; optimization<\/li>\n\n\n\n<li>Azure AD \/ Entra ID identity architecture<\/li>\n\n\n\n<li>Teams &amp; collaboration setup<\/li>\n\n\n\n<li>Security, compliance &amp; conditional access<\/li>\n\n\n\n<li>Device &amp; endpoint integration<\/li>\n<\/ul>\n\n\n\n<div class=\"wp-block-buttons is-content-justification-center is-layout-flex wp-container-core-buttons-is-layout-a89b3969 wp-block-buttons-is-layout-flex\">\n<div class=\"wp-block-button\"><a class=\"wp-block-button__link wp-element-button\" href=\"https:\/\/arertech.com\/tr\/contact\/\">Ba\u015flay\u0131n<\/a><\/div>\n<\/div>\n<\/div>\n\n\n\n<div class=\"wp-block-column is-layout-flow wp-block-column-is-layout-flow\" style=\"flex-basis:66.66%\">\n<figure class=\"wp-block-image size-full has-custom-border\" style=\"margin-top:var(--wp--preset--spacing--50);margin-right:var(--wp--preset--spacing--50);margin-bottom:var(--wp--preset--spacing--50);margin-left:var(--wp--preset--spacing--50)\"><img loading=\"lazy\" decoding=\"async\" width=\"1024\" height=\"939\" src=\"http:\/\/arertech.com\/wp-content\/uploads\/2025\/12\/microsoft-based-workplace.png\" alt=\"\" class=\"wp-image-7645\" style=\"border-top-left-radius:16px;border-top-right-radius:16px;border-bottom-left-radius:16px;border-bottom-right-radius:16px;aspect-ratio:1.7777777777777777;object-fit:cover\" srcset=\"https:\/\/arertech.com\/wp-content\/uploads\/2025\/12\/microsoft-based-workplace.png 1024w, https:\/\/arertech.com\/wp-content\/uploads\/2025\/12\/microsoft-based-workplace-300x275.png 300w, https:\/\/arertech.com\/wp-content\/uploads\/2025\/12\/microsoft-based-workplace-768x704.png 768w, https:\/\/arertech.com\/wp-content\/uploads\/2025\/12\/microsoft-based-workplace-13x12.png 13w\" sizes=\"auto, (max-width: 1024px) 100vw, 1024px\" \/><\/figure>\n<\/div>\n<\/div>\n<\/div>\n\n\n\n<div class=\"wp-block-group is-layout-constrained wp-block-group-is-layout-constrained\" style=\"margin-top:var(--wp--preset--spacing--60);margin-bottom:var(--wp--preset--spacing--60)\">\n<div class=\"wp-block-columns has-background is-layout-flex wp-container-core-columns-is-layout-553d9ade wp-block-columns-is-layout-flex\" style=\"border-top-left-radius:16px;border-top-right-radius:16px;border-bottom-left-radius:16px;border-bottom-right-radius:16px;background-color:#0b1c2d;margin-top:var(--wp--preset--spacing--40);margin-bottom:var(--wp--preset--spacing--40);padding-top:var(--wp--preset--spacing--30);padding-right:var(--wp--preset--spacing--40);padding-bottom:var(--wp--preset--spacing--30);padding-left:var(--wp--preset--spacing--40)\">\n<div class=\"wp-block-column is-vertically-aligned-center has-white-color has-text-color has-link-color wp-elements-c227b6509e93d9046cfc7e8b02780f4f is-layout-flow wp-block-column-is-layout-flow\" style=\"flex-basis:33.33%\">\n<h5 class=\"wp-block-heading has-palette-color-6-color has-text-color has-link-color wp-elements-0ca8acb3ee1c5a76ee86d32c14d25b76\">Modern Altyap\u0131 Neden \u00d6nemlidir?<\/h5>\n\n\n\n<ul class=\"wp-block-list\">\n<li>Altyap\u0131 tasar\u0131m\u0131 ve da\u011f\u0131t\u0131m\u0131<\/li>\n\n\n\n<li>A\u011f ve g\u00fcvenlik mimarisi<\/li>\n\n\n\n<li>Bulut ve hibrit ortamlar<\/li>\n\n\n\n<li>\u0130zleme ve esneklik<\/li>\n<\/ul>\n<\/div>\n\n\n\n<div class=\"wp-block-column is-vertically-aligned-center is-layout-flow wp-block-column-is-layout-flow\">\n<h2 class=\"wp-block-heading has-text-align-center has-palette-color-6-color has-text-color has-link-color wp-elements-352cce4e47f094b9b971f50252f42775\">M365 , Azure , Cloud and More!<\/h2>\n<\/div>\n<\/div>\n<\/div>\n<\/div>\n<\/div>\n\n\n\n<div class=\"wp-block-columns is-layout-flex wp-container-core-columns-is-layout-5c8fb865 wp-block-columns-is-layout-flex\">\n<div class=\"wp-block-column is-layout-flow wp-block-column-is-layout-flow\" style=\"flex-basis:66.66%\">\n<figure class=\"wp-block-image aligncenter size-full has-custom-border\" style=\"margin-top:0;margin-right:0;margin-bottom:0;margin-left:0\"><img loading=\"lazy\" decoding=\"async\" width=\"1024\" height=\"929\" src=\"https:\/\/arertech.com\/wp-content\/uploads\/2025\/12\/microsoft-based-workplace-who-this-is-for.png\" alt=\"\" class=\"wp-image-7646\" style=\"border-top-left-radius:16px;border-top-right-radius:16px;border-bottom-left-radius:16px;border-bottom-right-radius:16px;object-fit:cover\" srcset=\"https:\/\/arertech.com\/wp-content\/uploads\/2025\/12\/microsoft-based-workplace-who-this-is-for.png 1024w, https:\/\/arertech.com\/wp-content\/uploads\/2025\/12\/microsoft-based-workplace-who-this-is-for-300x272.png 300w, https:\/\/arertech.com\/wp-content\/uploads\/2025\/12\/microsoft-based-workplace-who-this-is-for-768x697.png 768w, https:\/\/arertech.com\/wp-content\/uploads\/2025\/12\/microsoft-based-workplace-who-this-is-for-13x12.png 13w\" sizes=\"auto, (max-width: 1024px) 100vw, 1024px\" \/><\/figure>\n<\/div>\n\n\n\n<div class=\"wp-block-column is-layout-flow wp-block-column-is-layout-flow\" style=\"flex-basis:66.66%\">\n<figure class=\"wp-block-image size-full has-custom-border\" style=\"margin-top:var(--wp--preset--spacing--30);margin-right:0;margin-bottom:var(--wp--preset--spacing--30);margin-left:0\"><img loading=\"lazy\" decoding=\"async\" width=\"1024\" height=\"901\" src=\"https:\/\/arertech.com\/wp-content\/uploads\/2025\/12\/microsoft-based-workplace-how-we-work.png\" alt=\"\" class=\"wp-image-7647\" style=\"border-top-left-radius:16px;border-top-right-radius:16px;border-bottom-left-radius:16px;border-bottom-right-radius:16px;object-fit:cover\" srcset=\"https:\/\/arertech.com\/wp-content\/uploads\/2025\/12\/microsoft-based-workplace-how-we-work.png 1024w, https:\/\/arertech.com\/wp-content\/uploads\/2025\/12\/microsoft-based-workplace-how-we-work-300x264.png 300w, https:\/\/arertech.com\/wp-content\/uploads\/2025\/12\/microsoft-based-workplace-how-we-work-768x676.png 768w, https:\/\/arertech.com\/wp-content\/uploads\/2025\/12\/microsoft-based-workplace-how-we-work-14x12.png 14w\" sizes=\"auto, (max-width: 1024px) 100vw, 1024px\" \/><\/figure>\n<\/div>\n<\/div>","protected":false},"excerpt":{"rendered":"<p>Secure, compliant, and productive Microsoft 365 &amp; Azure environments designed for modern teams. What We Deliver Why Modern Infrastructure Matters M365 , Azure , Cloud and More!<\/p>","protected":false},"author":1,"featured_media":0,"parent":0,"menu_order":0,"comment_status":"closed","ping_status":"closed","template":"","meta":{"footnotes":""},"class_list":["post-7644","page","type-page","status-publish","hentry"],"blocksy_meta":[],"_links":{"self":[{"href":"https:\/\/arertech.com\/tr\/wp-json\/wp\/v2\/pages\/7644","targetHints":{"allow":["GET"]}}],"collection":[{"href":"https:\/\/arertech.com\/tr\/wp-json\/wp\/v2\/pages"}],"about":[{"href":"https:\/\/arertech.com\/tr\/wp-json\/wp\/v2\/types\/page"}],"author":[{"embeddable":true,"href":"https:\/\/arertech.com\/tr\/wp-json\/wp\/v2\/users\/1"}],"replies":[{"embeddable":true,"href":"https:\/\/arertech.com\/tr\/wp-json\/wp\/v2\/comments?post=7644"}],"version-history":[{"count":8,"href":"https:\/\/arertech.com\/tr\/wp-json\/wp\/v2\/pages\/7644\/revisions"}],"predecessor-version":[{"id":7725,"href":"https:\/\/arertech.com\/tr\/wp-json\/wp\/v2\/pages\/7644\/revisions\/7725"}],"wp:attachment":[{"href":"https:\/\/arertech.com\/tr\/wp-json\/wp\/v2\/media?parent=7644"}],"curies":[{"name":"wp","href":"https:\/\/api.w.org\/{rel}","templated":true}]}}