{"id":210,"date":"2021-06-17T03:48:15","date_gmt":"2021-06-17T03:48:15","guid":{"rendered":"http:\/\/arertech.com\/our-team-copy\/"},"modified":"2026-01-01T11:52:46","modified_gmt":"2026-01-01T11:52:46","slug":"services-it-infrastructure-security","status":"publish","type":"page","link":"https:\/\/arertech.com\/tr\/services-it-infrastructure-security\/","title":{"rendered":"Modern BT Altyap\u0131s\u0131 ve G\u00fcvenli\u011fi"},"content":{"rendered":"<div class=\"wp-block-group alignfull is-content-justification-center is-layout-constrained wp-block-group-is-layout-constrained\" style=\"margin-top:0;margin-bottom:0\">\n<div class=\"wp-block-group alignwide is-layout-flow wp-block-group-is-layout-flow\">\n<div class=\"wp-block-group is-layout-constrained wp-block-group-is-layout-constrained\" style=\"margin-top:var(--wp--preset--spacing--50);margin-bottom:var(--wp--preset--spacing--50)\">\n<div class=\"wp-block-columns is-layout-flex wp-container-core-columns-is-layout-5c8fb865 wp-block-columns-is-layout-flex\">\n<div class=\"wp-block-column is-layout-flow wp-block-column-is-layout-flow\" style=\"flex-basis:66.66%\">\n<figure class=\"wp-block-image size-full has-custom-border\" style=\"margin-top:var(--wp--preset--spacing--50);margin-right:var(--wp--preset--spacing--50);margin-bottom:var(--wp--preset--spacing--50);margin-left:var(--wp--preset--spacing--50)\"><img loading=\"lazy\" decoding=\"async\" width=\"941\" height=\"971\" src=\"https:\/\/arertech.com\/wp-content\/uploads\/2025\/12\/infra-datacenter.png\" alt=\"\" class=\"wp-image-7591\" style=\"border-top-left-radius:16px;border-top-right-radius:16px;border-bottom-left-radius:16px;border-bottom-right-radius:16px;aspect-ratio:1.7777777777777777;object-fit:cover\" srcset=\"https:\/\/arertech.com\/wp-content\/uploads\/2025\/12\/infra-datacenter.png 941w, https:\/\/arertech.com\/wp-content\/uploads\/2025\/12\/infra-datacenter-291x300.png 291w, https:\/\/arertech.com\/wp-content\/uploads\/2025\/12\/infra-datacenter-768x792.png 768w\" sizes=\"auto, (max-width: 941px) 100vw, 941px\" \/><\/figure>\n<\/div>\n\n\n\n<div class=\"wp-block-column is-vertically-aligned-center is-layout-flow wp-block-column-is-layout-flow\" style=\"flex-basis:40%\">\n<p>i\u00e7in g\u00fcvenli, \u00f6l\u00e7eklenebilir ve gelece\u011fe haz\u0131r BT ortamlar\u0131 tasarlamak;<\/p>\n\n\n\n<ul class=\"wp-block-list\">\n<li>B\u00fcy\u00fcyen \u015firketler<\/li>\n\n\n\n<li>Uzaktan ve hibrit ekipler<\/li>\n\n\n\n<li>Uyumluluk ihtiyac\u0131 olan i\u015fletmeler<\/li>\n\n\n\n<li>Eski sistemleri modernize eden \u015firketler<\/li>\n\n\n\n<li>Giri\u015fimler \u00f6l\u00e7e\u011fe haz\u0131rlan\u0131yor<\/li>\n<\/ul>\n\n\n\n<div class=\"wp-block-buttons is-content-justification-center is-layout-flex wp-container-core-buttons-is-layout-a89b3969 wp-block-buttons-is-layout-flex\">\n<div class=\"wp-block-button\"><a class=\"wp-block-button__link wp-element-button\" href=\"https:\/\/arertech.com\/tr\/contact\/\">Ba\u015flay\u0131n<\/a><\/div>\n<\/div>\n<\/div>\n<\/div>\n<\/div>\n\n\n\n<div class=\"wp-block-group is-layout-constrained wp-block-group-is-layout-constrained\" style=\"margin-top:var(--wp--preset--spacing--60);margin-bottom:var(--wp--preset--spacing--60)\">\n<div class=\"wp-block-columns are-vertically-aligned-center has-background is-layout-flex wp-container-core-columns-is-layout-dcba5461 wp-block-columns-is-layout-flex\" style=\"border-top-left-radius:16px;border-top-right-radius:16px;border-bottom-left-radius:16px;border-bottom-right-radius:16px;background-color:#0b1c2d;margin-top:var(--wp--preset--spacing--50);margin-bottom:var(--wp--preset--spacing--50);padding-top:var(--wp--preset--spacing--60);padding-right:var(--wp--preset--spacing--40);padding-bottom:var(--wp--preset--spacing--60);padding-left:var(--wp--preset--spacing--40)\">\n<div class=\"wp-block-column is-vertically-aligned-center has-white-color has-text-color has-link-color wp-elements-c227b6509e93d9046cfc7e8b02780f4f is-layout-flow wp-block-column-is-layout-flow\" style=\"flex-basis:33.33%\">\n<h5 class=\"wp-block-heading has-palette-color-6-color has-text-color has-link-color wp-elements-0ca8acb3ee1c5a76ee86d32c14d25b76\">Modern Altyap\u0131 Neden \u00d6nemlidir?<\/h5>\n\n\n\n<ul class=\"wp-block-list\">\n<li>Altyap\u0131 tasar\u0131m\u0131 ve da\u011f\u0131t\u0131m\u0131<\/li>\n\n\n\n<li>A\u011f ve g\u00fcvenlik mimarisi<\/li>\n\n\n\n<li>Bulut ve hibrit ortamlar<\/li>\n\n\n\n<li>\u0130zleme ve esneklik<\/li>\n<\/ul>\n<\/div>\n\n\n\n<div class=\"wp-block-column is-vertically-aligned-center is-layout-flow wp-block-column-is-layout-flow\">\n<h2 class=\"wp-block-heading has-palette-color-6-color has-text-color has-link-color wp-elements-b536a554017186af6aabbd206b3ee9e4\">Modern BT Altyap\u0131s\u0131 ve G\u00fcvenli\u011fi<\/h2>\n<\/div>\n<\/div>\n<\/div>\n<\/div>\n<\/div>\n\n\n\n<div class=\"wp-block-group is-layout-constrained wp-block-group-is-layout-constrained\" style=\"margin-top:var(--wp--preset--spacing--60);margin-bottom:var(--wp--preset--spacing--60)\">\n<div class=\"wp-block-columns is-layout-flex wp-container-core-columns-is-layout-28f84493 wp-block-columns-is-layout-flex\">\n<div class=\"wp-block-column is-layout-flow wp-block-column-is-layout-flow\">\n<figure class=\"wp-block-image size-full is-resized has-custom-border\"><img loading=\"lazy\" decoding=\"async\" width=\"924\" height=\"996\" src=\"https:\/\/arertech.com\/wp-content\/uploads\/2025\/12\/key-benefits.png\" alt=\"\" class=\"wp-image-7588\" style=\"border-top-left-radius:14px;border-top-right-radius:14px;border-bottom-left-radius:14px;border-bottom-right-radius:14px;width:auto;height:480px\" srcset=\"https:\/\/arertech.com\/wp-content\/uploads\/2025\/12\/key-benefits.png 924w, https:\/\/arertech.com\/wp-content\/uploads\/2025\/12\/key-benefits-278x300.png 278w, https:\/\/arertech.com\/wp-content\/uploads\/2025\/12\/key-benefits-768x828.png 768w\" sizes=\"auto, (max-width: 924px) 100vw, 924px\" \/><\/figure>\n<\/div>\n\n\n\n<div class=\"wp-block-column is-layout-flow wp-block-column-is-layout-flow\">\n<figure class=\"wp-block-image size-full is-resized has-custom-border\"><img loading=\"lazy\" decoding=\"async\" width=\"939\" height=\"984\" src=\"https:\/\/arertech.com\/wp-content\/uploads\/2025\/12\/core-capabilities.png\" alt=\"\" class=\"wp-image-7590\" style=\"border-top-left-radius:14px;border-top-right-radius:14px;border-bottom-left-radius:14px;border-bottom-right-radius:14px;width:auto;height:480px\" srcset=\"https:\/\/arertech.com\/wp-content\/uploads\/2025\/12\/core-capabilities.png 939w, https:\/\/arertech.com\/wp-content\/uploads\/2025\/12\/core-capabilities-286x300.png 286w, https:\/\/arertech.com\/wp-content\/uploads\/2025\/12\/core-capabilities-768x805.png 768w\" sizes=\"auto, (max-width: 939px) 100vw, 939px\" \/><\/figure>\n<\/div>\n\n\n\n<div class=\"wp-block-column is-layout-flow wp-block-column-is-layout-flow\">\n<figure class=\"wp-block-image size-large is-resized has-custom-border\"><img loading=\"lazy\" decoding=\"async\" width=\"941\" height=\"989\" src=\"https:\/\/arertech.com\/wp-content\/uploads\/2025\/12\/how-we-work.png\" alt=\"\" class=\"wp-image-7589\" style=\"border-top-left-radius:14px;border-top-right-radius:14px;border-bottom-left-radius:14px;border-bottom-right-radius:14px;width:auto;height:480px\" srcset=\"https:\/\/arertech.com\/wp-content\/uploads\/2025\/12\/how-we-work.png 941w, https:\/\/arertech.com\/wp-content\/uploads\/2025\/12\/how-we-work-285x300.png 285w, https:\/\/arertech.com\/wp-content\/uploads\/2025\/12\/how-we-work-768x807.png 768w\" sizes=\"auto, (max-width: 941px) 100vw, 941px\" \/><\/figure>\n<\/div>\n<\/div>\n<\/div>","protected":false},"excerpt":{"rendered":"<p>Designing secure, scalable and future-ready IT environments for; Why Modern Infrastructure Matters Modern IT Infrastructure &amp; Security<\/p>","protected":false},"author":1,"featured_media":0,"parent":0,"menu_order":0,"comment_status":"closed","ping_status":"closed","template":"","meta":{"footnotes":""},"class_list":["post-210","page","type-page","status-publish","hentry"],"blocksy_meta":[],"_links":{"self":[{"href":"https:\/\/arertech.com\/tr\/wp-json\/wp\/v2\/pages\/210","targetHints":{"allow":["GET"]}}],"collection":[{"href":"https:\/\/arertech.com\/tr\/wp-json\/wp\/v2\/pages"}],"about":[{"href":"https:\/\/arertech.com\/tr\/wp-json\/wp\/v2\/types\/page"}],"author":[{"embeddable":true,"href":"https:\/\/arertech.com\/tr\/wp-json\/wp\/v2\/users\/1"}],"replies":[{"embeddable":true,"href":"https:\/\/arertech.com\/tr\/wp-json\/wp\/v2\/comments?post=210"}],"version-history":[{"count":13,"href":"https:\/\/arertech.com\/tr\/wp-json\/wp\/v2\/pages\/210\/revisions"}],"predecessor-version":[{"id":7744,"href":"https:\/\/arertech.com\/tr\/wp-json\/wp\/v2\/pages\/210\/revisions\/7744"}],"wp:attachment":[{"href":"https:\/\/arertech.com\/tr\/wp-json\/wp\/v2\/media?parent=210"}],"curies":[{"name":"wp","href":"https:\/\/api.w.org\/{rel}","templated":true}]}}