{"id":182,"date":"2021-06-17T03:41:21","date_gmt":"2021-06-17T03:41:21","guid":{"rendered":"http:\/\/arertech.com\/?page_id=182"},"modified":"2026-01-01T11:45:58","modified_gmt":"2026-01-01T11:45:58","slug":"about-us","status":"publish","type":"page","link":"https:\/\/arertech.com\/tr\/about-us\/","title":{"rendered":"Hakk\u0131m\u0131zda"},"content":{"rendered":"<div class=\"wp-block-group has-white-background-color has-background is-layout-flow wp-block-group-is-layout-flow\">\n<div class=\"wp-block-group alignfull is-layout-flow wp-container-core-group-is-layout-f027cc92 wp-block-group-is-layout-flow\" style=\"margin-top:0;margin-bottom:0;padding-right:0;padding-left:0\">\n<div class=\"wp-block-group alignwide is-layout-flow wp-block-group-is-layout-flow\">\n<div class=\"wp-block-columns alignwide are-vertically-aligned-center is-layout-flex wp-container-core-columns-is-layout-5c8fb865 wp-block-columns-is-layout-flex\">\n<div class=\"wp-block-column is-vertically-aligned-center is-content-justification-center is-layout-constrained wp-container-core-column-is-layout-938a57f1 wp-block-column-is-layout-constrained\">\n<h2 class=\"wp-block-heading has-text-align-center has-text-color has-link-color wp-elements-33db5247a8a85ca255e4b57fcc5c287d\" style=\"color:#0b1c2d\">Teknoloji. Do\u011fru \u0130n\u015fa Edildi. Basit\u00e7e Y\u00f6netilir.<\/h2>\n<\/div>\n\n\n\n<div class=\"wp-block-column is-vertically-aligned-center is-layout-flow wp-block-column-is-layout-flow\" style=\"flex-basis:40%\">\n<p>Bireylerin ve i\u015fletmelerin a\u011f altyap\u0131s\u0131 ve ev laboratuvarlar\u0131ndan bulut ve otomasyon \u00e7\u00f6z\u00fcmlerine kadar g\u00fcvenilir BT sistemleri tasarlamalar\u0131na, olu\u015fturmalar\u0131na ve y\u00f6netmelerine yard\u0131mc\u0131 oluyoruz.<\/p>\n\n\n\n<p>Odak noktam\u0131z ara\u00e7 satmak de\u011fil, hizmet sunmakt\u0131r <strong>istikrarl\u0131, g\u00fcvenli ve \u00f6l\u00e7eklenebilir teknoloji<\/strong> ger\u00e7ek hayatta i\u015fe yarayan bir \u015fey.<\/p>\n<\/div>\n<\/div>\n<\/div>\n\n\n\n<div class=\"wp-block-columns alignwide has-white-color has-text-color has-background has-link-color wp-elements-918d642897cd2b87c86bfcac67870351 is-layout-flex wp-container-core-columns-is-layout-c1f9b6d6 wp-block-columns-is-layout-flex\" style=\"border-top-left-radius:16px;border-top-right-radius:16px;border-bottom-left-radius:16px;border-bottom-right-radius:16px;background-color:#0b1c2d;margin-top:var(--wp--preset--spacing--30);margin-bottom:var(--wp--preset--spacing--30);padding-top:var(--wp--preset--spacing--30);padding-bottom:var(--wp--preset--spacing--30)\">\n<div class=\"wp-block-column is-vertically-aligned-top is-layout-flow wp-block-column-is-layout-flow\" style=\"flex-basis:40%\">\n<p><strong>M\u00fchendislik \u00f6ncelikli zihniyet<\/strong><\/p>\n\n\n\n<ul class=\"wp-block-list\">\n<li>Sa\u011flam mimariye, g\u00fcvenli\u011fe ve uzun vadeli s\u00fcrd\u00fcr\u00fclebilirli\u011fe \u00f6ncelik veriyoruz.<\/li>\n<\/ul>\n\n\n\n<p><strong>Pratik, ger\u00e7ek d\u00fcnya \u00e7\u00f6z\u00fcmleri<\/strong><\/p>\n\n\n\n<ul class=\"wp-block-list\">\n<li>A\u015f\u0131r\u0131 m\u00fchendislik yok. Gereksiz karma\u015f\u0131kl\u0131k yok. Sadece ger\u00e7ekten ihtiyac\u0131n\u0131z olan \u015fey.<\/li>\n<\/ul>\n\n\n\n<p><strong><strong>Premium, uygulamal\u0131 destek<\/strong><\/strong><\/p>\n\n\n\n<ul class=\"wp-block-list\">\n<li>Planlamadan uygulamaya ve \u00f6tesine kadar m\u00fc\u015fterilerimizle yak\u0131n bir \u015fekilde \u00e7al\u0131\u015f\u0131yoruz.<\/li>\n<\/ul>\n<\/div>\n\n\n\n<div class=\"wp-block-column is-vertically-aligned-center is-layout-constrained wp-container-core-column-is-layout-279e0ccb wp-block-column-is-layout-constrained\">\n<figure class=\"wp-block-image aligncenter size-large has-custom-border\"><img loading=\"lazy\" decoding=\"async\" width=\"1024\" height=\"904\" src=\"http:\/\/arertech.com\/wp-content\/uploads\/2025\/12\/about-hero-photo-1024x904.png\" alt=\"\" class=\"wp-image-7399\" style=\"border-top-left-radius:14px;border-top-right-radius:14px;border-bottom-left-radius:14px;border-bottom-right-radius:14px;aspect-ratio:1.7777777777777777;object-fit:cover\" srcset=\"https:\/\/arertech.com\/wp-content\/uploads\/2025\/12\/about-hero-photo-1024x904.png 1024w, https:\/\/arertech.com\/wp-content\/uploads\/2025\/12\/about-hero-photo-300x265.png 300w, https:\/\/arertech.com\/wp-content\/uploads\/2025\/12\/about-hero-photo-768x678.png 768w, https:\/\/arertech.com\/wp-content\/uploads\/2025\/12\/about-hero-photo.png 1088w\" sizes=\"auto, (max-width: 1024px) 100vw, 1024px\" \/><\/figure>\n<\/div>\n<\/div>\n\n\n\n<div class=\"wp-block-columns are-vertically-aligned-center is-layout-flex wp-container-core-columns-is-layout-3882ede8 wp-block-columns-is-layout-flex\" style=\"margin-top:var(--wp--preset--spacing--50);margin-bottom:var(--wp--preset--spacing--50);padding-top:var(--wp--preset--spacing--50);padding-bottom:var(--wp--preset--spacing--50)\">\n<div class=\"wp-block-column is-vertically-aligned-center is-content-justification-center is-layout-constrained wp-container-core-column-is-layout-938a57f1 wp-block-column-is-layout-constrained\">\n<h2 class=\"wp-block-heading\">BT Temelinizi Olu\u015ftural\u0131m<\/h2>\n<\/div>\n\n\n\n<div class=\"wp-block-column is-vertically-aligned-center is-layout-flow wp-block-column-is-layout-flow\" style=\"flex-basis:40%\">\n<p>Her projeye ayn\u0131 prensiple yakla\u015f\u0131lmaktad\u0131r:<br><strong>bir kez tasarlay\u0131n, d\u00fczg\u00fcn in\u015fa edin ve g\u00fcvenle \u00e7al\u0131\u015ft\u0131r\u0131n.<\/strong><\/p>\n\n\n\n<p>Sadece bir hizmet sa\u011flay\u0131c\u0131 de\u011fil, g\u00fcvenilir bir teknoloji orta\u011f\u0131 ar\u0131yorsan\u0131z do\u011fru yerdesiniz.<\/p>\n\n\n\n<div class=\"wp-block-buttons is-content-justification-center is-layout-flex wp-container-core-buttons-is-layout-a89b3969 wp-block-buttons-is-layout-flex\">\n<div class=\"wp-block-button\"><a class=\"wp-block-button__link wp-element-button\" href=\"https:\/\/arertech.com\/tr\/contact\/\">Bize Ula\u015f\u0131n<\/a><\/div>\n<\/div>\n<\/div>\n<\/div>\n<\/div>\n<\/div>","protected":false},"excerpt":{"rendered":"<p>Technology. Built Right. Managed Simply. We help individuals and businesses design, build, and manage reliable IT systems \u2014 from network infrastructure and homelabs to cloud and automation solutions. Our focus is not on selling tools, but on delivering stable, secure, and scalable technology that actually works in real life. Engineering-first mindset Practical, real-world solutions Premium, [&hellip;]<\/p>\n","protected":false},"author":1,"featured_media":0,"parent":0,"menu_order":0,"comment_status":"closed","ping_status":"closed","template":"","meta":{"footnotes":""},"class_list":["post-182","page","type-page","status-publish","hentry"],"blocksy_meta":[],"_links":{"self":[{"href":"https:\/\/arertech.com\/tr\/wp-json\/wp\/v2\/pages\/182","targetHints":{"allow":["GET"]}}],"collection":[{"href":"https:\/\/arertech.com\/tr\/wp-json\/wp\/v2\/pages"}],"about":[{"href":"https:\/\/arertech.com\/tr\/wp-json\/wp\/v2\/types\/page"}],"author":[{"embeddable":true,"href":"https:\/\/arertech.com\/tr\/wp-json\/wp\/v2\/users\/1"}],"replies":[{"embeddable":true,"href":"https:\/\/arertech.com\/tr\/wp-json\/wp\/v2\/comments?post=182"}],"version-history":[{"count":13,"href":"https:\/\/arertech.com\/tr\/wp-json\/wp\/v2\/pages\/182\/revisions"}],"predecessor-version":[{"id":7731,"href":"https:\/\/arertech.com\/tr\/wp-json\/wp\/v2\/pages\/182\/revisions\/7731"}],"wp:attachment":[{"href":"https:\/\/arertech.com\/tr\/wp-json\/wp\/v2\/media?parent=182"}],"curies":[{"name":"wp","href":"https:\/\/api.w.org\/{rel}","templated":true}]}}