{"id":176,"date":"2021-06-17T03:39:31","date_gmt":"2021-06-17T03:39:31","guid":{"rendered":"http:\/\/arertech.com\/home-1-copy\/"},"modified":"2026-01-01T11:51:43","modified_gmt":"2026-01-01T11:51:43","slug":"home-2","status":"publish","type":"page","link":"https:\/\/arertech.com\/tr\/","title":{"rendered":"Anasayfa"},"content":{"rendered":"<div class=\"wp-block-group is-layout-flow wp-container-core-group-is-layout-a77db08e wp-block-group-is-layout-flow\">\n<div class=\"wp-block-group alignfull has-white-background-color has-background is-layout-flow wp-block-group-is-layout-flow\" style=\"border-top-left-radius:0px;border-top-right-radius:0px;border-bottom-left-radius:0px;border-bottom-right-radius:0px;padding-top:0rem;padding-right:var(--wp--preset--spacing--20);padding-bottom:0rem;padding-left:var(--wp--preset--spacing--20)\">\n<div class=\"wp-block-group alignfull is-layout-flow wp-container-core-group-is-layout-d6f0599e wp-block-group-is-layout-flow has-background\" style=\"border-top-left-radius:16px;border-top-right-radius:16px;border-bottom-left-radius:16px;border-bottom-right-radius:16px;min-height:720px;margin-top:var(--wp--preset--spacing--40);margin-bottom:var(--wp--preset--spacing--40);padding-top:1rem;padding-right:var(--wp--preset--spacing--30);padding-bottom:1rem;padding-left:var(--wp--preset--spacing--30);background-image:url(&apos;http:\/\/arertech.com\/wp-content\/uploads\/2025\/12\/home-hero.png&apos;);background-size:cover;\">\n<p class=\"has-text-align-center has-white-color has-text-color has-link-color wp-elements-1591d1a07f3a0991917b096f4a745822\" style=\"margin-bottom:20px;font-style:normal;font-weight:500\"><\/p>\n\n\n\n<div style=\"height:310px\" aria-hidden=\"true\" class=\"wp-block-spacer\"><\/div>\n\n\n\n<h1 class=\"wp-block-heading has-text-align-center has-white-color has-text-color has-link-color has-x-large-font-size wp-elements-2158bf7cb09ecb5bd9ffc547640db4b7\" style=\"margin-top:0;margin-bottom:20px;font-style:normal;font-weight:800;line-height:1.5\">Ak\u0131ll\u0131 BT \u00c7\u00f6z\u00fcmleri ile \u0130\u015fletmenizi G\u00fc\u00e7lendirin<\/h1>\n\n\n\n<p class=\"has-text-align-center has-white-color has-text-color has-link-color has-medium-font-size wp-elements-6ea2c1fce13d331510da5fab14a14f0c\" style=\"margin-bottom:var(--wp--preset--spacing--80)\">Modern i\u015fletmeler i\u00e7in g\u00fcvenli, \u00f6l\u00e7eklenebilir ve iyi belgelenmi\u015f BT sistemleri.<\/p>\n\n\n\n<div class=\"wp-block-buttons alignwide is-content-justification-center is-layout-flex wp-container-core-buttons-is-layout-a89b3969 wp-block-buttons-is-layout-flex\">\n<div class=\"wp-block-button is-style-fill\"><a class=\"wp-block-button__link wp-element-button\" href=\"https:\/\/arertech.com\/tr\/contact\/\">Bize Ula\u015f\u0131n<\/a><\/div>\n<\/div>\n<\/div>\n<\/div>\n\n\n\n<div class=\"wp-block-columns are-vertically-aligned-center is-layout-flex wp-container-core-columns-is-layout-f1061711 wp-block-columns-is-layout-flex\" style=\"padding-right:var(--wp--preset--spacing--20);padding-left:var(--wp--preset--spacing--20)\">\n<div class=\"wp-block-column is-vertically-aligned-center is-layout-flow wp-block-column-is-layout-flow\" style=\"flex-basis:440px\">\n<div class=\"wp-block-group has-background is-layout-flow wp-block-group-is-layout-flow\" style=\"border-top-left-radius:12px;border-top-right-radius:12px;border-bottom-left-radius:12px;border-bottom-right-radius:12px;background-color:#0b1c2d;min-height:300px;padding-top:24px;padding-right:32px;padding-bottom:24px;padding-left:32px\">\n<h4 class=\"wp-block-heading has-white-color has-text-color has-link-color wp-elements-760aec91e889097dfdec9de63ebfbe9c\">A\u011f ve Altyap\u0131<\/h4>\n\n\n\n<div class=\"wp-block-columns are-vertically-aligned-center is-layout-flex wp-container-core-columns-is-layout-28f84493 wp-block-columns-is-layout-flex\">\n<div class=\"wp-block-column is-vertically-aligned-center is-layout-flow wp-block-column-is-layout-flow\" style=\"flex-basis:50%\">\n<figure class=\"wp-block-image aligncenter size-full is-resized\"><img loading=\"lazy\" decoding=\"async\" width=\"512\" height=\"512\" src=\"http:\/\/arertech.com\/wp-content\/uploads\/2025\/12\/services-icon-2.png\" alt=\"\" class=\"wp-image-7360\" style=\"object-fit:cover;width:150px;height:150px\" srcset=\"https:\/\/arertech.com\/wp-content\/uploads\/2025\/12\/services-icon-2.png 512w, https:\/\/arertech.com\/wp-content\/uploads\/2025\/12\/services-icon-2-300x300.png 300w, https:\/\/arertech.com\/wp-content\/uploads\/2025\/12\/services-icon-2-150x150.png 150w\" sizes=\"auto, (max-width: 512px) 100vw, 512px\" \/><\/figure>\n<\/div>\n\n\n\n<div class=\"wp-block-column is-vertically-aligned-center is-layout-flow wp-block-column-is-layout-flow\" style=\"flex-basis:50%\">\n<p class=\"has-palette-color-8-color has-text-color has-link-color wp-elements-67cbca57fbc2be79968e6477e35bec9f\">\u0130stikrar, g\u00fcvenlik ve i\u015f s\u00fcreklili\u011fi sa\u011flayan sa\u011flam a\u011f ve g\u00fcvenlik duvar\u0131 mimarileri.<\/p>\n<\/div>\n<\/div>\n<\/div>\n<\/div>\n\n\n\n<div class=\"wp-block-column is-vertically-aligned-center is-layout-flow wp-block-column-is-layout-flow\" style=\"flex-basis:440px\">\n<div class=\"wp-block-group has-background is-layout-flow wp-block-group-is-layout-flow\" style=\"border-top-left-radius:12px;border-top-right-radius:12px;border-bottom-left-radius:12px;border-bottom-right-radius:12px;background-color:#0b1c2d;min-height:300px;padding-top:24px;padding-right:32px;padding-bottom:24px;padding-left:32px\">\n<h4 class=\"wp-block-heading has-white-color has-text-color has-link-color wp-elements-490862edfcc25ba667b8b114957f154d\">Microsoft Tabanl\u0131 \u0130\u015fyeri<\/h4>\n\n\n\n<div class=\"wp-block-columns are-vertically-aligned-center is-layout-flex wp-container-core-columns-is-layout-28f84493 wp-block-columns-is-layout-flex\">\n<div class=\"wp-block-column is-vertically-aligned-center is-layout-flow wp-block-column-is-layout-flow\" style=\"flex-basis:50%\">\n<figure class=\"wp-block-image aligncenter size-full is-resized\"><img loading=\"lazy\" decoding=\"async\" width=\"512\" height=\"512\" src=\"http:\/\/arertech.com\/wp-content\/uploads\/2025\/12\/icon-services-2.png\" alt=\"\" class=\"wp-image-7361\" style=\"object-fit:cover;width:150px;height:auto\" srcset=\"https:\/\/arertech.com\/wp-content\/uploads\/2025\/12\/icon-services-2.png 512w, https:\/\/arertech.com\/wp-content\/uploads\/2025\/12\/icon-services-2-300x300.png 300w, https:\/\/arertech.com\/wp-content\/uploads\/2025\/12\/icon-services-2-150x150.png 150w\" sizes=\"auto, (max-width: 512px) 100vw, 512px\" \/><\/figure>\n<\/div>\n\n\n\n<div class=\"wp-block-column is-vertically-aligned-center is-layout-flow wp-block-column-is-layout-flow\" style=\"flex-basis:50%\">\n<p class=\"has-palette-color-8-color has-text-color has-link-color wp-elements-3a35fbb2663dcfa56acdaf71fe0e68ba\">G\u00fcvenli, verimli ve sorunsuz i\u015fbirli\u011fi sa\u011flayan optimize edilmi\u015f Microsoft 365 ve Azure \u00e7\u00f6z\u00fcmleri.<\/p>\n<\/div>\n<\/div>\n<\/div>\n<\/div>\n\n\n\n<div class=\"wp-block-column is-vertically-aligned-center is-layout-flow wp-block-column-is-layout-flow\" style=\"flex-basis:440px\">\n<div class=\"wp-block-group has-background is-layout-flow wp-block-group-is-layout-flow\" style=\"border-top-left-radius:12px;border-top-right-radius:12px;border-bottom-left-radius:12px;border-bottom-right-radius:12px;background-color:#0b1c2d;min-height:300px;padding-top:24px;padding-right:32px;padding-bottom:24px;padding-left:32px\">\n<h4 class=\"wp-block-heading has-white-color has-text-color has-link-color wp-elements-18da4e9c9f483c868e84260f8d0d1659\">Otomasyon ve Ak\u0131ll\u0131 Sistemler<\/h4>\n\n\n\n<div class=\"wp-block-columns are-vertically-aligned-center is-layout-flex wp-container-core-columns-is-layout-28f84493 wp-block-columns-is-layout-flex\">\n<div class=\"wp-block-column is-vertically-aligned-center is-layout-flow wp-block-column-is-layout-flow\" style=\"flex-basis:50%\">\n<figure class=\"wp-block-image aligncenter size-full is-resized\"><img loading=\"lazy\" decoding=\"async\" width=\"512\" height=\"512\" src=\"http:\/\/arertech.com\/wp-content\/uploads\/2025\/12\/icon-services-3.png\" alt=\"\" class=\"wp-image-7362\" style=\"object-fit:cover;width:150px;height:150px\" srcset=\"https:\/\/arertech.com\/wp-content\/uploads\/2025\/12\/icon-services-3.png 512w, https:\/\/arertech.com\/wp-content\/uploads\/2025\/12\/icon-services-3-300x300.png 300w, https:\/\/arertech.com\/wp-content\/uploads\/2025\/12\/icon-services-3-150x150.png 150w\" sizes=\"auto, (max-width: 512px) 100vw, 512px\" \/><\/figure>\n<\/div>\n\n\n\n<div class=\"wp-block-column is-vertically-aligned-center is-layout-flow wp-block-column-is-layout-flow\" style=\"flex-basis:50%\">\n<p class=\"has-palette-color-8-color has-text-color has-link-color wp-elements-4b528b6af1b11bb6c3e384d630bdeeb5\">Manuel \u00e7abay\u0131 azaltan, zamandan tasarruf sa\u011flayan ve operasyonel verimlili\u011fi art\u0131ran ak\u0131ll\u0131 otomasyon i\u015f ak\u0131\u015flar\u0131.<\/p>\n<\/div>\n<\/div>\n<\/div>\n<\/div>\n<\/div>\n\n\n\n<div class=\"wp-block-columns is-layout-flex wp-container-core-columns-is-layout-28f84493 wp-block-columns-is-layout-flex\">\n<div class=\"wp-block-column is-layout-flow wp-block-column-is-layout-flow\">\n\n\n<figure class=\"wp-block-image aligncenter size-full has-custom-border\" style=\"margin-top:var(--wp--preset--spacing--40);margin-bottom:var(--wp--preset--spacing--40)\"><img loading=\"lazy\" decoding=\"async\" width=\"918\" height=\"123\" src=\"https:\/\/arertech.com\/wp-content\/uploads\/2025\/12\/partners.png\" alt=\"\" class=\"wp-image-7605\" style=\"border-top-left-radius:16px;border-top-right-radius:16px;border-bottom-left-radius:16px;border-bottom-right-radius:16px\" srcset=\"https:\/\/arertech.com\/wp-content\/uploads\/2025\/12\/partners.png 918w, https:\/\/arertech.com\/wp-content\/uploads\/2025\/12\/partners-300x40.png 300w, https:\/\/arertech.com\/wp-content\/uploads\/2025\/12\/partners-768x103.png 768w\" sizes=\"auto, (max-width: 918px) 100vw, 918px\" \/><\/figure>\n<\/div>\n<\/div>\n\n\n\n<div class=\"wp-block-group is-layout-constrained wp-container-core-group-is-layout-30629438 wp-block-group-is-layout-constrained\" style=\"margin-top:var(--wp--preset--spacing--60);margin-bottom:var(--wp--preset--spacing--60);padding-top:var(--wp--preset--spacing--50);padding-right:var(--wp--preset--spacing--30);padding-bottom:var(--wp--preset--spacing--50);padding-left:var(--wp--preset--spacing--30)\">\n<div class=\"wp-block-columns is-layout-flex wp-container-core-columns-is-layout-ec2e7a44 wp-block-columns-is-layout-flex\" style=\"border-style:none;border-width:0px;border-top-left-radius:0px;border-top-right-radius:0px;border-bottom-left-radius:0px;border-bottom-right-radius:0px;padding-top:0;padding-bottom:0\">\n<div class=\"wp-block-column has-medium-font-size is-layout-flow wp-block-column-is-layout-flow\" style=\"flex-basis:60%\">\n<p class=\"has-medium-font-size\" style=\"letter-spacing:1px;line-height:1\">HAKKIMIZDA<\/p>\n\n\n\n<h5 class=\"wp-block-heading alignfull has-text-align-left\">G\u00fcvenilir BT Altyap\u0131 ve Otomasyon Orta\u011f\u0131n\u0131z<\/h5>\n\n\n\n<p>Biz, yenilik\u00e7i BT \u00e7\u00f6z\u00fcmleri konusunda tutkulu bir ekip olan Arer Tech'iz. Misyonumuz teknolojiyi basitle\u015ftirmek, verimlili\u011fi art\u0131rmak ve i\u015fletmeleri ak\u0131ll\u0131 dijital ara\u00e7larla g\u00fc\u00e7lendirmektir.<\/p>\n\n\n\n<p>Yakla\u015f\u0131m\u0131m\u0131z basit: ger\u00e7ek i\u015f ihtiyac\u0131n\u0131 anlamak, do\u011fru tasar\u0131m\u0131 yapmak<br>\u00e7\u00f6z\u00fcm \u00fcretin ve bunu a\u00e7\u0131kl\u0131k ve hesap verebilirlikle uzun vadede destekleyin.<\/p>\n\n\n\n<p>Kurulu\u015flar\u0131n b\u00fcy\u00fcmeyi destekleyen g\u00fc\u00e7l\u00fc bir BT temeli olu\u015fturmalar\u0131na yard\u0131mc\u0131 oluyoruz,<br>riski azalt\u0131r ve daha ak\u0131ll\u0131 operasyonlar sa\u011flar.<\/p>\n\n\n\n<div class=\"wp-block-buttons is-horizontal is-content-justification-left is-layout-flex wp-container-core-buttons-is-layout-c28fed5f wp-block-buttons-is-layout-flex\" style=\"border-top-left-radius:8px;border-top-right-radius:8px;border-bottom-left-radius:8px;border-bottom-right-radius:8px;margin-top:0;margin-bottom:0;padding-top:0;padding-right:var(--wp--preset--spacing--40);padding-bottom:0;padding-left:var(--wp--preset--spacing--40)\">\n<div class=\"wp-block-button\"><a class=\"wp-block-button__link wp-element-button\" href=\"https:\/\/arertech.com\/tr\/about-us\/\">BT Temelinizi Olu\u015ftural\u0131m<\/a><\/div>\n<\/div>\n<\/div>\n\n\n\n<div class=\"wp-block-column is-layout-flow wp-block-column-is-layout-flow\" style=\"flex-basis:40%\">\n<div style=\"height:43px\" aria-hidden=\"true\" class=\"wp-block-spacer\"><\/div>\n\n\n\n<figure class=\"wp-block-image aligncenter size-full has-custom-border .about-us-image {  border-radius: 15px; width: 100%; height: auto; }\" style=\"margin-top:var(--wp--preset--spacing--40);margin-bottom:var(--wp--preset--spacing--40)\"><img loading=\"lazy\" decoding=\"async\" width=\"1536\" height=\"1024\" src=\"https:\/\/arertech.com\/wp-content\/uploads\/2025\/12\/home-about-us.png\" alt=\"\" class=\"wp-image-7413\" style=\"border-style:none;border-width:0px;border-top-left-radius:16px;border-top-right-radius:16px;border-bottom-left-radius:16px;border-bottom-right-radius:16px;box-shadow:var(--wp--preset--shadow--natural)\" srcset=\"https:\/\/arertech.com\/wp-content\/uploads\/2025\/12\/home-about-us.png 1536w, https:\/\/arertech.com\/wp-content\/uploads\/2025\/12\/home-about-us-300x200.png 300w, https:\/\/arertech.com\/wp-content\/uploads\/2025\/12\/home-about-us-1024x683.png 1024w, https:\/\/arertech.com\/wp-content\/uploads\/2025\/12\/home-about-us-768x512.png 768w\" sizes=\"auto, (max-width: 1536px) 100vw, 1536px\" \/><\/figure>\n<\/div>\n<\/div>\n<\/div>\n\n\n\n<div class=\"wp-block-group is-layout-constrained wp-block-group-is-layout-constrained\">\n<!-- Key Metrics Section -->\n<section class=\"key-metrics-section\" style=\"padding:30px 0; background:#ffffff; text-align:center;\">\n  <!-- Ba\u015fl\u0131k ve alt metin -->\n  <h2 style=\"font-size:3rem; font-weight:bold; margin-bottom:15px; color:#0b1c2d;\">\u00d6nemli Ba\u015far\u0131lar\u0131m\u0131z<\/h2>\n  <p style=\"font-size:1.5rem; font-weight:500; margin-bottom:40px; color:#333;\">Ger\u00e7ek sonu\u00e7lar. Kan\u0131tlanm\u0131\u015f etki. D\u00fcnya \u00e7ap\u0131ndaki i\u015fletmeler taraf\u0131ndan g\u00fcvenilir.<\/p>\n  \n  <!-- Metrics Cards -->\n  <div class=\"metrics-container\" style=\"display:flex; flex-wrap:wrap; justify-content:center; gap:30px;\">\n    \n    <div class=\"metric-card\" style=\"background:#0b1c2d; color:#fff; border-radius:15px; padding:40px; flex:1 1 220px; min-width:200px; transition: transform 0.3s, box-shadow 0.3s;\">\n      <h3 class=\"counter\" data-target=\"52\" style=\"color:#fff; font-size:3rem; font-weight:bold; text-shadow:1px 1px 5px rgba(0,0,0,0.5);\">0<\/h3>\n      <p style=\"margin-top:10px; font-size:1rem;\">Tamamlanan BT Projeleri<\/p>\n    <\/div>\n    \n    <div class=\"metric-card\" style=\"background:#0b1c2d; color:#fff; border-radius:15px; padding:40px; flex:1 1 220px; min-width:200px; transition: transform 0.3s, box-shadow 0.3s;\">\n      <h3 class=\"counter\" data-target=\"25\" style=\"color:#fff; font-size:3rem; font-weight:bold; text-shadow:1px 1px 5px rgba(0,0,0,0.5);\">0<\/h3>\n      <p style=\"margin-top:10px; font-size:1rem;\">Mutlu M\u00fc\u015fteriler<\/p>\n    <\/div>\n    \n    <div class=\"metric-card\" style=\"background:#0b1c2d; color:#fff; border-radius:15px; padding:40px; flex:1 1 220px; min-width:200px; transition: transform 0.3s, box-shadow 0.3s;\">\n      <h3 class=\"counter\" data-target=\"6\" style=\"color:#fff; font-size:3rem; font-weight:bold; text-shadow:1px 1px 5px rgba(0,0,0,0.5);\">0<\/h3>\n      <p style=\"margin-top:10px; font-size:1rem;\">Y\u0131llar\u0131n Ekip Deneyimi<\/p>\n    <\/div>\n    \n    <div class=\"metric-card\" style=\"background:#0b1c2d; color:#fff; border-radius:15px; padding:40px; flex:1 1 220px; min-width:200px; transition: transform 0.3s, box-shadow 0.3s;\">\n      <h3 class=\"counter\" data-target=\"89\" style=\"color:#fff; font-size:3rem; font-weight:bold; text-shadow:1px 1px 5px rgba(0,0,0,0.5);\">0<\/h3>\n      <p style=\"margin-top:10px; font-size:1rem;\">M\u00fc\u015fteri Memnuniyeti (%)<\/p>\n    <\/div>\n    \n  <\/div>\n  \n<\/section>\n\n<!-- Counter Animation Script -->\n<script>\n  const counters = document.querySelectorAll('.counter');\n  counters.forEach(counter => {\n    const updateCount = () => {\n      const target = +counter.getAttribute('data-target');\n      const count = +counter.innerText;\n      const increment = target \/ 100;\n      if(count < target){\n        counter.innerText = Math.ceil(count + increment);\n        setTimeout(updateCount, 20);\n      } else {\n        counter.innerText = target;\n      }\n    };\n    updateCount();\n  });\n\n  \/\/ Optional: Card hover effect\n  const cards = document.querySelectorAll('.metric-card');\n  cards.forEach(card => {\n    card.addEventListener('mouseenter', () => {\n      card.style.transform = 'translateY(-10px)';\n      card.style.boxShadow = '0 15px 30px rgba(0,0,0,0.2)';\n    });\n    card.addEventListener('mouseleave', () => {\n      card.style.transform = 'translateY(0)';\n      card.style.boxShadow = 'none';\n    });\n  });\n<\/script>\n<\/div>\n\n\n\n<div class=\"wp-block-group is-layout-constrained wp-block-group-is-layout-constrained\" style=\"margin-top:var(--wp--preset--spacing--50);margin-bottom:var(--wp--preset--spacing--50)\">\n<div class=\"wp-block-group alignfull is-content-justification-center is-layout-constrained wp-block-group-is-layout-constrained\" style=\"margin-top:0;margin-bottom:0\">\n<div style=\"height:var(--wp--preset--spacing--20)\" aria-hidden=\"true\" class=\"wp-block-spacer\"><\/div>\n\n\n\n<div class=\"wp-block-group alignwide is-layout-flow wp-block-group-is-layout-flow\">\n<div class=\"wp-block-columns alignwide are-vertically-aligned-top is-layout-flex wp-container-core-columns-is-layout-5c8fb865 wp-block-columns-is-layout-flex\">\n<div class=\"wp-block-column is-layout-flow wp-block-column-is-layout-flow\">\n<figure class=\"wp-block-image size-full has-custom-border\" style=\"margin-top:0;margin-right:var(--wp--preset--spacing--40);margin-bottom:0;margin-left:var(--wp--preset--spacing--40)\"><img loading=\"lazy\" decoding=\"async\" width=\"1024\" height=\"1024\" src=\"http:\/\/arertech.com\/wp-content\/uploads\/2025\/12\/about-photo-2.png\" alt=\"\" class=\"wp-image-7404\" style=\"border-top-left-radius:16px;border-top-right-radius:16px;border-bottom-left-radius:16px;border-bottom-right-radius:16px;aspect-ratio:16\/9;object-fit:cover\" srcset=\"https:\/\/arertech.com\/wp-content\/uploads\/2025\/12\/about-photo-2.png 1024w, https:\/\/arertech.com\/wp-content\/uploads\/2025\/12\/about-photo-2-300x300.png 300w, https:\/\/arertech.com\/wp-content\/uploads\/2025\/12\/about-photo-2-150x150.png 150w, https:\/\/arertech.com\/wp-content\/uploads\/2025\/12\/about-photo-2-768x768.png 768w\" sizes=\"auto, (max-width: 1024px) 100vw, 1024px\" \/><\/figure>\n<\/div>\n\n\n\n<div class=\"wp-block-column is-layout-flow wp-block-column-is-layout-flow\">\n<h4 class=\"wp-block-heading\">Neden Bizi Se\u00e7melisiniz?<\/h4>\n\n\n\n<p>Teknolojiyi basitle\u015ftiriyor, verimlili\u011fi art\u0131r\u0131yor ve ak\u0131ll\u0131 dijital \u00e7\u00f6z\u00fcmlerle i\u015fletmeleri g\u00fc\u00e7lendiriyoruz.<\/p>\n\n\n\n<ul class=\"wp-block-list\">\n<li><strong>Kan\u0131tlanm\u0131\u015f Uzmanl\u0131k<\/strong> - G\u00fcvenli BT altyap\u0131s\u0131 sa\u011flama konusunda y\u0131llar\u0131n deneyimi<\/li>\n\n\n\n<li><strong>Ki\u015fiye \u00d6zel \u00c7\u00f6z\u00fcmler<\/strong> - Benzersiz i\u015f ihtiya\u00e7lar\u0131n\u0131za uyacak \u015fekilde \u00f6zelle\u015ftirildi<\/li>\n\n\n\n<li><strong>G\u00fcvenilir Destek<\/strong> - S\u00fcrekli yard\u0131m ve uzun vadeli rehberlik<\/li>\n<\/ul>\n\n\n\n<div class=\"wp-block-buttons is-layout-flex wp-block-buttons-is-layout-flex\">\n<div class=\"wp-block-button\"><a class=\"wp-block-button__link wp-element-button\" href=\"https:\/\/arertech.com\/tr\/it-solutions\/\">Hizmetlerimizi Ke\u015ffedin<\/a><\/div>\n<\/div>\n<\/div>\n<\/div>\n\n\n\n<div style=\"height:var(--wp--preset--spacing--20)\" aria-hidden=\"true\" class=\"wp-block-spacer\"><\/div>\n<\/div>\n<\/div>\n<\/div>\n\n\n\n<div class=\"wp-block-group has-background is-layout-constrained wp-container-core-group-is-layout-caf7f7d6 wp-block-group-is-layout-constrained\" style=\"border-top-left-radius:12px;border-top-right-radius:12px;border-bottom-left-radius:12px;border-bottom-right-radius:12px;background-color:#0b1c2d;margin-top:var(--wp--preset--spacing--40);margin-bottom:var(--wp--preset--spacing--40);padding-top:24px;padding-right:32px;padding-bottom:24px;padding-left:32px\">\n<h3 class=\"wp-block-heading has-white-color has-text-color has-link-color wp-elements-57e80d220925b5fdc975585c05a9d952\">\u015eirketinizi y\u00fckseltmeye haz\u0131r m\u0131s\u0131n\u0131z?<\/h3>\n\n\n\n<p class=\"has-cyan-bluish-gray-color has-text-color has-link-color wp-elements-8e654b20585261793f7a019cd2114984\">Arer way ile daha g\u00fcvenli, verimli ve gelece\u011fe d\u00f6n\u00fck bir i\u015f kural\u0131m.<\/p>\n\n\n\n<div class=\"wp-block-buttons is-layout-flex wp-block-buttons-is-layout-flex\">\n<div class=\"wp-block-button\"><a class=\"wp-block-button__link wp-element-button\" href=\"https:\/\/arertech.com\/tr\/contact\/\">\u00dccretsiz Dan\u0131\u015fmanl\u0131k Al\u0131n<\/a><\/div>\n<\/div>\n<\/div>\n<\/div>","protected":false},"excerpt":{"rendered":"<p>Empowering Your Business with Smart IT Solutions Secure, scalable and well-documented IT systems for modern businesses. Network &amp; Infrastructure Robust network and firewall architectures that ensure stability, security, and business continuity. Microsoft-Based Workplace Optimized Microsoft 365 and Azure solutions that enable secure, efficient, and seamless collaboration. Automation&amp;Smart Systems Smart automation workflows that reduce manual effort, [&hellip;]<\/p>\n","protected":false},"author":1,"featured_media":0,"parent":0,"menu_order":0,"comment_status":"closed","ping_status":"closed","template":"","meta":{"footnotes":""},"class_list":["post-176","page","type-page","status-publish","hentry"],"blocksy_meta":[],"_links":{"self":[{"href":"https:\/\/arertech.com\/tr\/wp-json\/wp\/v2\/pages\/176","targetHints":{"allow":["GET"]}}],"collection":[{"href":"https:\/\/arertech.com\/tr\/wp-json\/wp\/v2\/pages"}],"about":[{"href":"https:\/\/arertech.com\/tr\/wp-json\/wp\/v2\/types\/page"}],"author":[{"embeddable":true,"href":"https:\/\/arertech.com\/tr\/wp-json\/wp\/v2\/users\/1"}],"replies":[{"embeddable":true,"href":"https:\/\/arertech.com\/tr\/wp-json\/wp\/v2\/comments?post=176"}],"version-history":[{"count":69,"href":"https:\/\/arertech.com\/tr\/wp-json\/wp\/v2\/pages\/176\/revisions"}],"predecessor-version":[{"id":7743,"href":"https:\/\/arertech.com\/tr\/wp-json\/wp\/v2\/pages\/176\/revisions\/7743"}],"wp:attachment":[{"href":"https:\/\/arertech.com\/tr\/wp-json\/wp\/v2\/media?parent=176"}],"curies":[{"name":"wp","href":"https:\/\/api.w.org\/{rel}","templated":true}]}}